{"id":10490,"date":"2024-10-01T11:24:01","date_gmt":"2024-10-01T11:24:01","guid":{"rendered":"https:\/\/www.remoteengineer.eu\/choisissez-votre-routeur-ou-controleur\/"},"modified":"2025-10-13T08:42:52","modified_gmt":"2025-10-13T08:42:52","slug":"choisissez-votre-routeur-ou-controleur","status":"publish","type":"page","link":"https:\/\/www.remoteengineer.eu\/fr\/pour-qui\/batiment-intelligent\/choisissez-votre-routeur-ou-controleur\/","title":{"rendered":"Choisissez votre routeur ou contr\u00f4leur"},"content":{"rendered":"<div class=\"fusion-fullwidth fullwidth-box fusion-builder-row-1 fusion-flex-container has-pattern-background has-mask-background nonhundred-percent-fullwidth non-hundred-percent-height-scrolling\" style=\"--awb-border-radius-top-left:0px;--awb-border-radius-top-right:0px;--awb-border-radius-bottom-right:0px;--awb-border-radius-bottom-left:0px;--awb-flex-wrap:wrap;\" ><div class=\"fusion-builder-row fusion-row fusion-flex-align-items-flex-start fusion-flex-justify-content-space-around fusion-flex-content-wrap\" style=\"max-width:1248px;margin-left: calc(-4% \/ 2 );margin-right: calc(-4% \/ 2 );\"><div class=\"fusion-layout-column fusion_builder_column fusion-builder-column-0 fusion_builder_column_1_1 1_1 fusion-flex-column\" style=\"--awb-bg-size:cover;--awb-width-large:100%;--awb-margin-top-large:0px;--awb-spacing-right-large:1.92%;--awb-margin-bottom-large:0px;--awb-spacing-left-large:1.92%;--awb-width-medium:100%;--awb-order-medium:0;--awb-spacing-right-medium:1.92%;--awb-spacing-left-medium:1.92%;--awb-width-small:100%;--awb-order-small:0;--awb-spacing-right-small:1.92%;--awb-spacing-left-small:1.92%;\" data-scroll-devices=\"small-visibility,medium-visibility,large-visibility\"><div class=\"fusion-column-wrapper fusion-column-has-shadow fusion-flex-justify-content-flex-start fusion-content-layout-column\"><div class=\"fusion-title title fusion-title-1 fusion-sep-none fusion-title-text fusion-title-size-two\" style=\"--awb-margin-bottom:0px;--awb-margin-top-small:10px;--awb-margin-right-small:0px;--awb-margin-bottom-small:10px;--awb-margin-left-small:0px;--awb-font-size:40px;\"><h2 class=\"fusion-title-heading title-heading-left\" style=\"font-family:&quot;Rokkitt&quot;;font-style:normal;font-weight:700;margin:0;font-size:1em;line-height:0.8;\"><h2 style=\"text-align: center;\"><span style=\"color: #0000ff;\">1.<\/span> Choisissez votre routeur ou contr\u00f4leur<\/h2><\/h2><\/div><\/div><\/div><div class=\"fusion-layout-column fusion_builder_column fusion-builder-column-1 fusion_builder_column_1_4 1_4 fusion-flex-column fusion-animated\" style=\"--awb-bg-size:cover;--awb-width-large:25%;--awb-margin-top-large:0px;--awb-spacing-right-large:7.68%;--awb-margin-bottom-large:20px;--awb-spacing-left-large:7.68%;--awb-width-medium:25%;--awb-order-medium:0;--awb-spacing-right-medium:7.68%;--awb-spacing-left-medium:7.68%;--awb-width-small:100%;--awb-order-small:0;--awb-spacing-right-small:1.92%;--awb-spacing-left-small:1.92%;\" data-animationType=\"slideInRight\" data-animationDuration=\"0.4\" data-animationOffset=\"top-into-view\" data-scroll-devices=\"small-visibility,medium-visibility,large-visibility\"><div class=\"fusion-column-wrapper fusion-column-has-shadow fusion-flex-justify-content-flex-start fusion-content-layout-column\"><div class=\"fusion-image-element \" style=\"text-align:center;--awb-margin-right:10px;--awb-caption-title-font-family:var(--h2_typography-font-family);--awb-caption-title-font-weight:var(--h2_typography-font-weight);--awb-caption-title-font-style:var(--h2_typography-font-style);--awb-caption-title-size:var(--h2_typography-font-size);--awb-caption-title-transform:var(--h2_typography-text-transform);--awb-caption-title-line-height:var(--h2_typography-line-height);--awb-caption-title-letter-spacing:var(--h2_typography-letter-spacing);\"><span class=\" fusion-imageframe imageframe-none imageframe-1 hover-type-none\"><img decoding=\"async\" width=\"400\" height=\"533\" title=\"Routeur industriel &#8211; SG Nano V3\" src=\"https:\/\/www.remoteengineer.eu\/wp-content\/uploads\/2024\/07\/SG-Nano-V3-shadow-400x533.jpg\" alt class=\"img-responsive wp-image-10428\" srcset=\"https:\/\/www.remoteengineer.eu\/wp-content\/uploads\/2024\/07\/SG-Nano-V3-shadow-200x267.jpg 200w, https:\/\/www.remoteengineer.eu\/wp-content\/uploads\/2024\/07\/SG-Nano-V3-shadow-400x533.jpg 400w, https:\/\/www.remoteengineer.eu\/wp-content\/uploads\/2024\/07\/SG-Nano-V3-shadow.jpg 600w\" sizes=\"(max-width: 640px) 100vw, 400px\" \/><\/span><\/div><div class=\"fusion-title title fusion-title-2 fusion-sep-none fusion-title-center fusion-title-text fusion-title-size-one\" style=\"--awb-margin-top:0px;--awb-margin-bottom:0px;--awb-margin-top-small:10px;--awb-margin-right-small:0px;--awb-margin-bottom-small:10px;--awb-margin-left-small:0px;--awb-font-size:24px;\"><h1 class=\"fusion-title-heading title-heading-center\" style=\"font-family:&quot;Montserrat&quot;;font-style:normal;font-weight:600;margin:0;font-size:1em;line-height:0.6;\"><h3>ServiceGate<br \/>\nNano V3<\/h3><\/h1><\/div><div class=\"fusion-text fusion-text-1\"><p style=\"text-align: center;\">Le routeur VPN compact polyvalent<\/p>\n<\/div><div style=\"text-align:center;\"><a class=\"fusion-button button-flat fusion-button-default-size button-custom fusion-button-default button-1 fusion-button-default-span fusion-button-default-type\" style=\"--button_accent_color:var(--awb-color6);--button_border_color:var(--awb-color6);--button_accent_hover_color:var(--awb-color1);--button_border_hover_color:var(--awb-color6);--button_gradient_top_color:var(--awb-color1);--button_gradient_bottom_color:var(--awb-color1);--button_gradient_top_color_hover:var(--awb-color6);--button_gradient_bottom_color_hover:var(--awb-color6);\" target=\"_self\" href=\"#awb-open-oc__742\"><span class=\"fusion-button-text awb-button__text awb-button__text--default\">Testez gratuitement pendant 30 jours !<\/span><i class=\"fa-arrow-right fas awb-button__icon awb-button__icon--default button-icon-right\" aria-hidden=\"true\"><\/i><\/a><\/div><\/div><\/div><div class=\"fusion-layout-column fusion_builder_column fusion-builder-column-2 fusion_builder_column_1_4 1_4 fusion-flex-column fusion-animated\" style=\"--awb-bg-size:cover;--awb-width-large:25%;--awb-margin-top-large:0px;--awb-spacing-right-large:7.68%;--awb-margin-bottom-large:20px;--awb-spacing-left-large:7.68%;--awb-width-medium:25%;--awb-order-medium:0;--awb-spacing-right-medium:7.68%;--awb-spacing-left-medium:7.68%;--awb-width-small:100%;--awb-order-small:0;--awb-spacing-right-small:1.92%;--awb-spacing-left-small:1.92%;\" data-animationType=\"slideInRight\" data-animationDuration=\"0.8\" data-animationOffset=\"top-into-view\" data-scroll-devices=\"small-visibility,medium-visibility,large-visibility\"><div class=\"fusion-column-wrapper fusion-column-has-shadow fusion-flex-justify-content-flex-start fusion-content-layout-column\"><div class=\"fusion-image-element \" style=\"text-align:center;--awb-margin-right:10px;--awb-caption-title-font-family:var(--h2_typography-font-family);--awb-caption-title-font-weight:var(--h2_typography-font-weight);--awb-caption-title-font-style:var(--h2_typography-font-style);--awb-caption-title-size:var(--h2_typography-font-size);--awb-caption-title-transform:var(--h2_typography-text-transform);--awb-caption-title-line-height:var(--h2_typography-line-height);--awb-caption-title-letter-spacing:var(--h2_typography-letter-spacing);\"><span class=\" fusion-imageframe imageframe-none imageframe-2 hover-type-none\"><img decoding=\"async\" width=\"400\" height=\"533\" title=\"Routeur industriel &#8211; SG V3\" src=\"https:\/\/www.remoteengineer.eu\/wp-content\/uploads\/2024\/07\/SG-V3-shadow-400x533.jpg\" alt class=\"img-responsive wp-image-9764\" srcset=\"https:\/\/www.remoteengineer.eu\/wp-content\/uploads\/2024\/07\/SG-V3-shadow-200x267.jpg 200w, https:\/\/www.remoteengineer.eu\/wp-content\/uploads\/2024\/07\/SG-V3-shadow-400x533.jpg 400w, https:\/\/www.remoteengineer.eu\/wp-content\/uploads\/2024\/07\/SG-V3-shadow.jpg 600w\" sizes=\"(max-width: 640px) 100vw, 400px\" \/><\/span><\/div><div class=\"fusion-title title fusion-title-3 fusion-sep-none fusion-title-center fusion-title-text fusion-title-size-one\" style=\"--awb-margin-top:0px;--awb-margin-bottom:0px;--awb-margin-top-small:10px;--awb-margin-right-small:0px;--awb-margin-bottom-small:10px;--awb-margin-left-small:0px;--awb-font-size:24px;\"><h1 class=\"fusion-title-heading title-heading-center\" style=\"font-family:&quot;Montserrat&quot;;font-style:normal;font-weight:600;margin:0;font-size:1em;line-height:0.6;\"><h3>ServiceGate<br \/>\nV3<\/h3><\/h1><\/div><div class=\"fusion-text fusion-text-2\"><p style=\"text-align: center;\">Notre routeur VPN le plus rapide, connexion sans commutateur suppl\u00e9mentaire<\/p>\n<\/div><div style=\"text-align:center;\"><a class=\"fusion-button button-flat fusion-button-default-size button-custom fusion-button-default button-2 fusion-button-default-span fusion-button-default-type\" style=\"--button_accent_color:var(--awb-color6);--button_border_color:var(--awb-color6);--button_accent_hover_color:var(--awb-color1);--button_border_hover_color:var(--awb-color6);--button_gradient_top_color:var(--awb-color1);--button_gradient_bottom_color:var(--awb-color1);--button_gradient_top_color_hover:var(--awb-color6);--button_gradient_bottom_color_hover:var(--awb-color6);\" target=\"_self\" href=\"#awb-open-oc__2565\"><span class=\"fusion-button-text awb-button__text awb-button__text--default\">Testez gratuitement pendant 30 jours !<\/span><i class=\"fa-arrow-right fas awb-button__icon awb-button__icon--default button-icon-right\" aria-hidden=\"true\"><\/i><\/a><\/div><\/div><\/div><div class=\"fusion-layout-column fusion_builder_column fusion-builder-column-3 fusion_builder_column_1_4 1_4 fusion-flex-column fusion-animated\" style=\"--awb-bg-size:cover;--awb-width-large:25%;--awb-margin-top-large:0px;--awb-spacing-right-large:7.68%;--awb-margin-bottom-large:20px;--awb-spacing-left-large:7.68%;--awb-width-medium:25%;--awb-order-medium:0;--awb-spacing-right-medium:7.68%;--awb-spacing-left-medium:7.68%;--awb-width-small:100%;--awb-order-small:0;--awb-spacing-right-small:1.92%;--awb-spacing-left-small:1.92%;\" data-animationType=\"slideInRight\" data-animationDuration=\"1.2\" data-animationOffset=\"top-into-view\" data-scroll-devices=\"small-visibility,medium-visibility,large-visibility\"><div class=\"fusion-column-wrapper fusion-column-has-shadow fusion-flex-justify-content-flex-start fusion-content-layout-column\"><div class=\"fusion-image-element \" style=\"text-align:center;--awb-margin-right:10px;--awb-caption-title-font-family:var(--h2_typography-font-family);--awb-caption-title-font-weight:var(--h2_typography-font-weight);--awb-caption-title-font-style:var(--h2_typography-font-style);--awb-caption-title-size:var(--h2_typography-font-size);--awb-caption-title-transform:var(--h2_typography-text-transform);--awb-caption-title-line-height:var(--h2_typography-line-height);--awb-caption-title-letter-spacing:var(--h2_typography-letter-spacing);\"><span class=\" fusion-imageframe imageframe-none imageframe-3 hover-type-none\"><img decoding=\"async\" width=\"400\" height=\"533\" alt=\"Contr\u00f4leur Edge\" title=\"EdgeController\" src=\"https:\/\/www.remoteengineer.eu\/wp-content\/uploads\/2024\/07\/EdgeController-shadow-400x533.jpg\" class=\"img-responsive wp-image-9765\" srcset=\"https:\/\/www.remoteengineer.eu\/wp-content\/uploads\/2024\/07\/EdgeController-shadow-200x267.jpg 200w, https:\/\/www.remoteengineer.eu\/wp-content\/uploads\/2024\/07\/EdgeController-shadow-400x533.jpg 400w, https:\/\/www.remoteengineer.eu\/wp-content\/uploads\/2024\/07\/EdgeController-shadow.jpg 600w\" sizes=\"(max-width: 640px) 100vw, 400px\" \/><\/span><\/div><div class=\"fusion-title title fusion-title-4 fusion-sep-none fusion-title-center fusion-title-text fusion-title-size-one\" style=\"--awb-margin-top:0px;--awb-margin-bottom:0px;--awb-margin-top-small:10px;--awb-margin-right-small:0px;--awb-margin-bottom-small:10px;--awb-margin-left-small:0px;--awb-font-size:24px;\"><h1 class=\"fusion-title-heading title-heading-center\" style=\"font-family:&quot;Montserrat&quot;;font-style:normal;font-weight:600;margin:0;font-size:1em;line-height:0.6;\"><h3>Edge<br \/>\nController<\/h3><\/h1><\/div><div class=\"fusion-text fusion-text-3\"><p style=\"text-align: center;\">Adapt\u00e9 aux applications de gestion de b\u00e2timents<\/p>\n<\/div><div style=\"text-align:center;\"><a class=\"fusion-button button-flat fusion-button-default-size button-custom fusion-button-default button-3 fusion-button-default-span fusion-button-default-type\" style=\"--button_accent_color:var(--awb-color6);--button_border_color:var(--awb-color6);--button_accent_hover_color:var(--awb-color1);--button_border_hover_color:var(--awb-color6);--button_gradient_top_color:var(--awb-color1);--button_gradient_bottom_color:var(--awb-color1);--button_gradient_top_color_hover:var(--awb-color6);--button_gradient_bottom_color_hover:var(--awb-color6);\" target=\"_self\" href=\"#awb-open-oc__2611\"><span class=\"fusion-button-text awb-button__text awb-button__text--default\">Testez gratuitement pendant 30 jours !<\/span><i class=\"fa-arrow-right fas awb-button__icon awb-button__icon--default button-icon-right\" aria-hidden=\"true\"><\/i><\/a><\/div><\/div><\/div><div class=\"fusion-layout-column fusion_builder_column fusion-builder-column-4 fusion_builder_column_1_1 1_1 fusion-flex-column\" style=\"--awb-bg-size:cover;--awb-width-large:100%;--awb-margin-top-large:80px;--awb-spacing-right-large:1.92%;--awb-margin-bottom-large:80px;--awb-spacing-left-large:1.92%;--awb-width-medium:100%;--awb-order-medium:0;--awb-spacing-right-medium:1.92%;--awb-spacing-left-medium:1.92%;--awb-width-small:100%;--awb-order-small:0;--awb-spacing-right-small:1.92%;--awb-spacing-left-small:1.92%;\" data-scroll-devices=\"small-visibility,medium-visibility,large-visibility\"><div class=\"fusion-column-wrapper fusion-column-has-shadow fusion-flex-justify-content-flex-start fusion-content-layout-column\"><div class=\"fusion-text fusion-text-4\"><p style=\"text-align: center;\"><strong>Besoin d&rsquo;aide pour faire le bon choix ?<\/strong> Laissez-nous vous aider. Appelez le <a>+31 566 796 515<\/a> ou d\u00e9marrez le chat. <\/p>\n<\/div><div style=\"text-align:center;\"><a class=\"fusion-button button-flat button-large button-custom fusion-button-default button-4 fusion-button-default-span fusion-button-default-type\" style=\"--button_accent_color:rgba(47,39,126,0.29);--button_border_color:rgba(47,39,126,0.29);--button_accent_hover_color:var(--awb-color1);--button_border_hover_color:var(--awb-color1);--button_gradient_top_color:rgba(246,246,246,0.5);--button_gradient_bottom_color:rgba(246,246,246,0.5);--button_gradient_top_color_hover:var(--awb-color6);--button_gradient_bottom_color_hover:var(--awb-color6);\" target=\"_self\" href=\"https:\/\/www.remoteengineer.eu\/fr\/solutions\/materiel\/#hardware\"><span class=\"fusion-button-text awb-button__text awb-button__text--default\">D\u00e9couvrez tous nos routeurs et contr\u00f4leurs<\/span><\/a><\/div><\/div><\/div><\/div><\/div>\n","protected":false},"excerpt":{"rendered":"","protected":false},"author":2,"featured_media":0,"parent":10567,"menu_order":0,"comment_status":"closed","ping_status":"closed","template":"100-width.php","meta":{"_acf_changed":false,"footnotes":""},"class_list":["post-10490","page","type-page","status-publish","hentry"],"acf":[],"yoast_head":"<!-- This site is optimized with the Yoast SEO plugin v27.4 - https:\/\/yoast.com\/product\/yoast-seo-wordpress\/ -->\n<title>Choisissez votre routeur ou contr\u00f4leur - Remote<\/title>\n<meta name=\"robots\" content=\"index, follow, max-snippet:-1, max-image-preview:large, max-video-preview:-1\" \/>\n<link rel=\"canonical\" href=\"https:\/\/www.remoteengineer.eu\/fr\/pour-qui\/batiment-intelligent\/choisissez-votre-routeur-ou-controleur\/\" \/>\n<meta property=\"og:locale\" content=\"fr_FR\" \/>\n<meta property=\"og:type\" content=\"article\" \/>\n<meta property=\"og:title\" content=\"Choisissez votre routeur ou contr\u00f4leur - Remote\" \/>\n<meta property=\"og:url\" content=\"https:\/\/www.remoteengineer.eu\/fr\/pour-qui\/batiment-intelligent\/choisissez-votre-routeur-ou-controleur\/\" \/>\n<meta property=\"og:site_name\" content=\"Remote\" \/>\n<meta property=\"article:modified_time\" content=\"2025-10-13T08:42:52+00:00\" \/>\n<meta property=\"og:image\" content=\"https:\/\/www.remoteengineer.eu\/wp-content\/uploads\/2024\/06\/Remote-Engineer.png\" \/>\n\t<meta property=\"og:image:width\" content=\"440\" \/>\n\t<meta property=\"og:image:height\" content=\"93\" \/>\n\t<meta property=\"og:image:type\" content=\"image\/png\" \/>\n<meta name=\"twitter:card\" content=\"summary_large_image\" \/>\n<meta name=\"twitter:label1\" content=\"Dur\u00e9e de lecture estim\u00e9e\" \/>\n\t<meta name=\"twitter:data1\" content=\"25 minutes\" \/>\n<script type=\"application\/ld+json\" class=\"yoast-schema-graph\">{\"@context\":\"https:\\\/\\\/schema.org\",\"@graph\":[{\"@type\":\"WebPage\",\"@id\":\"https:\\\/\\\/www.remoteengineer.eu\\\/fr\\\/pour-qui\\\/batiment-intelligent\\\/choisissez-votre-routeur-ou-controleur\\\/\",\"url\":\"https:\\\/\\\/www.remoteengineer.eu\\\/fr\\\/pour-qui\\\/batiment-intelligent\\\/choisissez-votre-routeur-ou-controleur\\\/\",\"name\":\"Choisissez votre routeur ou contr\u00f4leur - Remote\",\"isPartOf\":{\"@id\":\"https:\\\/\\\/www.remoteengineer.eu\\\/fr\\\/#website\"},\"datePublished\":\"2024-10-01T11:24:01+00:00\",\"dateModified\":\"2025-10-13T08:42:52+00:00\",\"breadcrumb\":{\"@id\":\"https:\\\/\\\/www.remoteengineer.eu\\\/fr\\\/pour-qui\\\/batiment-intelligent\\\/choisissez-votre-routeur-ou-controleur\\\/#breadcrumb\"},\"inLanguage\":\"fr-FR\",\"potentialAction\":[{\"@type\":\"ReadAction\",\"target\":[\"https:\\\/\\\/www.remoteengineer.eu\\\/fr\\\/pour-qui\\\/batiment-intelligent\\\/choisissez-votre-routeur-ou-controleur\\\/\"]}]},{\"@type\":\"BreadcrumbList\",\"@id\":\"https:\\\/\\\/www.remoteengineer.eu\\\/fr\\\/pour-qui\\\/batiment-intelligent\\\/choisissez-votre-routeur-ou-controleur\\\/#breadcrumb\",\"itemListElement\":[{\"@type\":\"ListItem\",\"position\":1,\"name\":\"Pour qui\",\"item\":\"https:\\\/\\\/www.remoteengineer.eu\\\/fr\\\/pour-qui\\\/\"},{\"@type\":\"ListItem\",\"position\":2,\"name\":\"B\u00e2timent intelligent\",\"item\":\"https:\\\/\\\/www.remoteengineer.eu\\\/fr\\\/pour-qui\\\/batiment-intelligent\\\/\"},{\"@type\":\"ListItem\",\"position\":3,\"name\":\"Choisissez votre routeur ou contr\u00f4leur\"}]},{\"@type\":\"WebSite\",\"@id\":\"https:\\\/\\\/www.remoteengineer.eu\\\/fr\\\/#website\",\"url\":\"https:\\\/\\\/www.remoteengineer.eu\\\/fr\\\/\",\"name\":\"Remote Engineer\",\"description\":\"Industri\u00eble oplossingen voor remote access | Remote Engineer\",\"publisher\":{\"@id\":\"https:\\\/\\\/www.remoteengineer.eu\\\/fr\\\/#organization\"},\"alternateName\":\"Remote\",\"potentialAction\":[{\"@type\":\"SearchAction\",\"target\":{\"@type\":\"EntryPoint\",\"urlTemplate\":\"https:\\\/\\\/www.remoteengineer.eu\\\/fr\\\/?s={search_term_string}\"},\"query-input\":{\"@type\":\"PropertyValueSpecification\",\"valueRequired\":true,\"valueName\":\"search_term_string\"}}],\"inLanguage\":\"fr-FR\"},{\"@type\":\"Organization\",\"@id\":\"https:\\\/\\\/www.remoteengineer.eu\\\/fr\\\/#organization\",\"name\":\"Ing\u00e9nieur \u00e0 distance\",\"alternateName\":\"\u00c0 distance\",\"url\":\"https:\\\/\\\/www.remoteengineer.eu\\\/fr\\\/\",\"logo\":{\"@type\":\"ImageObject\",\"inLanguage\":\"fr-FR\",\"@id\":\"https:\\\/\\\/www.remoteengineer.eu\\\/fr\\\/#\\\/schema\\\/logo\\\/image\\\/\",\"url\":\"https:\\\/\\\/www.remoteengineer.eu\\\/wp-content\\\/uploads\\\/2024\\\/05\\\/logo_remote_engineer.png\",\"contentUrl\":\"https:\\\/\\\/www.remoteengineer.eu\\\/wp-content\\\/uploads\\\/2024\\\/05\\\/logo_remote_engineer.png\",\"width\":460,\"height\":200,\"caption\":\"Ing\u00e9nieur \u00e0 distance\"},\"image\":{\"@id\":\"https:\\\/\\\/www.remoteengineer.eu\\\/fr\\\/#\\\/schema\\\/logo\\\/image\\\/\"},\"sameAs\":[\"https:\\\/\\\/nl.linkedin.com\\\/company\\\/remote-engineer\"]}]}<\/script>\n<!-- \/ Yoast SEO plugin. -->","yoast_head_json":{"title":"Choisissez votre routeur ou contr\u00f4leur - Remote","robots":{"index":"index","follow":"follow","max-snippet":"max-snippet:-1","max-image-preview":"max-image-preview:large","max-video-preview":"max-video-preview:-1"},"canonical":"https:\/\/www.remoteengineer.eu\/fr\/pour-qui\/batiment-intelligent\/choisissez-votre-routeur-ou-controleur\/","og_locale":"fr_FR","og_type":"article","og_title":"Choisissez votre routeur ou contr\u00f4leur - Remote","og_url":"https:\/\/www.remoteengineer.eu\/fr\/pour-qui\/batiment-intelligent\/choisissez-votre-routeur-ou-controleur\/","og_site_name":"Remote","article_modified_time":"2025-10-13T08:42:52+00:00","og_image":[{"width":440,"height":93,"url":"https:\/\/www.remoteengineer.eu\/wp-content\/uploads\/2024\/06\/Remote-Engineer.png","type":"image\/png"}],"twitter_card":"summary_large_image","twitter_misc":{"Dur\u00e9e de lecture estim\u00e9e":"25 minutes"},"schema":{"@context":"https:\/\/schema.org","@graph":[{"@type":"WebPage","@id":"https:\/\/www.remoteengineer.eu\/fr\/pour-qui\/batiment-intelligent\/choisissez-votre-routeur-ou-controleur\/","url":"https:\/\/www.remoteengineer.eu\/fr\/pour-qui\/batiment-intelligent\/choisissez-votre-routeur-ou-controleur\/","name":"Choisissez votre routeur ou contr\u00f4leur - Remote","isPartOf":{"@id":"https:\/\/www.remoteengineer.eu\/fr\/#website"},"datePublished":"2024-10-01T11:24:01+00:00","dateModified":"2025-10-13T08:42:52+00:00","breadcrumb":{"@id":"https:\/\/www.remoteengineer.eu\/fr\/pour-qui\/batiment-intelligent\/choisissez-votre-routeur-ou-controleur\/#breadcrumb"},"inLanguage":"fr-FR","potentialAction":[{"@type":"ReadAction","target":["https:\/\/www.remoteengineer.eu\/fr\/pour-qui\/batiment-intelligent\/choisissez-votre-routeur-ou-controleur\/"]}]},{"@type":"BreadcrumbList","@id":"https:\/\/www.remoteengineer.eu\/fr\/pour-qui\/batiment-intelligent\/choisissez-votre-routeur-ou-controleur\/#breadcrumb","itemListElement":[{"@type":"ListItem","position":1,"name":"Pour qui","item":"https:\/\/www.remoteengineer.eu\/fr\/pour-qui\/"},{"@type":"ListItem","position":2,"name":"B\u00e2timent intelligent","item":"https:\/\/www.remoteengineer.eu\/fr\/pour-qui\/batiment-intelligent\/"},{"@type":"ListItem","position":3,"name":"Choisissez votre routeur ou contr\u00f4leur"}]},{"@type":"WebSite","@id":"https:\/\/www.remoteengineer.eu\/fr\/#website","url":"https:\/\/www.remoteengineer.eu\/fr\/","name":"Remote Engineer","description":"Industri\u00eble oplossingen voor remote access | Remote Engineer","publisher":{"@id":"https:\/\/www.remoteengineer.eu\/fr\/#organization"},"alternateName":"Remote","potentialAction":[{"@type":"SearchAction","target":{"@type":"EntryPoint","urlTemplate":"https:\/\/www.remoteengineer.eu\/fr\/?s={search_term_string}"},"query-input":{"@type":"PropertyValueSpecification","valueRequired":true,"valueName":"search_term_string"}}],"inLanguage":"fr-FR"},{"@type":"Organization","@id":"https:\/\/www.remoteengineer.eu\/fr\/#organization","name":"Ing\u00e9nieur \u00e0 distance","alternateName":"\u00c0 distance","url":"https:\/\/www.remoteengineer.eu\/fr\/","logo":{"@type":"ImageObject","inLanguage":"fr-FR","@id":"https:\/\/www.remoteengineer.eu\/fr\/#\/schema\/logo\/image\/","url":"https:\/\/www.remoteengineer.eu\/wp-content\/uploads\/2024\/05\/logo_remote_engineer.png","contentUrl":"https:\/\/www.remoteengineer.eu\/wp-content\/uploads\/2024\/05\/logo_remote_engineer.png","width":460,"height":200,"caption":"Ing\u00e9nieur \u00e0 distance"},"image":{"@id":"https:\/\/www.remoteengineer.eu\/fr\/#\/schema\/logo\/image\/"},"sameAs":["https:\/\/nl.linkedin.com\/company\/remote-engineer"]}]}},"yoast_meta":{"yoast_wpseo_title":"","yoast_wpseo_metadesc":"","yoast_wpseo_canonical":""},"_links":{"self":[{"href":"https:\/\/www.remoteengineer.eu\/fr\/wp-json\/wp\/v2\/pages\/10490","targetHints":{"allow":["GET"]}}],"collection":[{"href":"https:\/\/www.remoteengineer.eu\/fr\/wp-json\/wp\/v2\/pages"}],"about":[{"href":"https:\/\/www.remoteengineer.eu\/fr\/wp-json\/wp\/v2\/types\/page"}],"author":[{"embeddable":true,"href":"https:\/\/www.remoteengineer.eu\/fr\/wp-json\/wp\/v2\/users\/2"}],"replies":[{"embeddable":true,"href":"https:\/\/www.remoteengineer.eu\/fr\/wp-json\/wp\/v2\/comments?post=10490"}],"version-history":[{"count":2,"href":"https:\/\/www.remoteengineer.eu\/fr\/wp-json\/wp\/v2\/pages\/10490\/revisions"}],"predecessor-version":[{"id":10556,"href":"https:\/\/www.remoteengineer.eu\/fr\/wp-json\/wp\/v2\/pages\/10490\/revisions\/10556"}],"up":[{"embeddable":true,"href":"https:\/\/www.remoteengineer.eu\/fr\/wp-json\/wp\/v2\/pages\/10567"}],"wp:attachment":[{"href":"https:\/\/www.remoteengineer.eu\/fr\/wp-json\/wp\/v2\/media?parent=10490"}],"curies":[{"name":"wp","href":"https:\/\/api.w.org\/{rel}","templated":true}]}}