{"id":10351,"date":"2024-06-07T14:58:26","date_gmt":"2024-06-07T14:58:26","guid":{"rendered":"https:\/\/www.remoteengineer.eu\/a-propos-de-remote\/offres-demploi\/"},"modified":"2025-10-13T08:40:48","modified_gmt":"2025-10-13T08:40:48","slug":"offres-demploi","status":"publish","type":"page","link":"https:\/\/www.remoteengineer.eu\/fr\/a-propos-de-remote\/offres-demploi\/","title":{"rendered":"Offres d&#8217;emploi"},"content":{"rendered":"<p><div class=\"fusion-fullwidth fullwidth-box fusion-builder-row-1 fusion-flex-container has-pattern-background has-mask-background nonhundred-percent-fullwidth non-hundred-percent-height-scrolling\" style=\"--awb-border-radius-top-left:0px;--awb-border-radius-top-right:0px;--awb-border-radius-bottom-right:0px;--awb-border-radius-bottom-left:0px;--awb-padding-top-small:-140px;--awb-padding-right-small:-140px;--awb-padding-left-small:-140px;--awb-min-height:350px;--awb-flex-wrap:wrap;\" ><div class=\"fusion-builder-row fusion-row fusion-flex-align-items-flex-start fusion-flex-justify-content-center fusion-flex-content-wrap\" style=\"max-width:1248px;margin-left: calc(-4% \/ 2 );margin-right: calc(-4% \/ 2 );\"><div class=\"fusion-layout-column fusion_builder_column fusion-builder-column-0 fusion_builder_column_1_1 1_1 fusion-flex-column\" style=\"--awb-overflow:hidden;--awb-bg-image:url(&#039;https:\/\/www.remoteengineer.eu\/wp-content\/uploads\/2024\/06\/hdr_vacature.jpg&#039;);--awb-bg-position:center center;--awb-bg-size:cover;--awb-border-radius:25px 25px 200px 25px;--awb-width-large:100%;--awb-margin-top-large:0px;--awb-spacing-right-large:1.92%;--awb-margin-bottom-large:20px;--awb-spacing-left-large:1.92%;--awb-width-medium:100%;--awb-order-medium:0;--awb-spacing-right-medium:1.92%;--awb-spacing-left-medium:1.92%;--awb-width-small:100%;--awb-order-small:0;--awb-spacing-right-small:1.92%;--awb-spacing-left-small:1.92%;\" data-scroll-devices=\"small-visibility,medium-visibility,large-visibility\"><div class=\"fusion-column-wrapper fusion-column-has-shadow fusion-flex-justify-content-flex-start fusion-content-layout-column fusion-column-has-bg-image\" data-bg-url=\"https:\/\/www.remoteengineer.eu\/wp-content\/uploads\/2024\/06\/hdr_vacature.jpg\"><div class=\"fusion-separator fusion-full-width-sep\" style=\"align-self: center;margin-left: auto;margin-right: auto;margin-top:500px;width:100%;\"><\/div><\/div><\/div><\/div><\/div><div class=\"fusion-fullwidth fullwidth-box fusion-builder-row-2 fusion-flex-container has-pattern-background has-mask-background nonhundred-percent-fullwidth non-hundred-percent-height-scrolling\" style=\"--awb-border-radius-top-left:0px;--awb-border-radius-top-right:0px;--awb-border-radius-bottom-right:0px;--awb-border-radius-bottom-left:0px;--awb-padding-right:30px;--awb-padding-left:30px;--awb-flex-wrap:wrap;\" ><div class=\"fusion-builder-row fusion-row fusion-flex-align-items-flex-start fusion-flex-justify-content-center fusion-flex-content-wrap\" style=\"max-width:1248px;margin-left: calc(-4% \/ 2 );margin-right: calc(-4% \/ 2 );\"><div class=\"fusion-layout-column fusion_builder_column fusion-builder-column-1 fusion_builder_column_2_3 2_3 fusion-flex-column\" style=\"--awb-padding-top:30px;--awb-padding-right:30px;--awb-padding-bottom:30px;--awb-padding-left:30px;--awb-overflow:hidden;--awb-bg-color:var(--awb-color5);--awb-bg-color-hover:var(--awb-color5);--awb-bg-size:cover;--awb-border-radius:25px 50px 25px 25px;--awb-width-large:66.666666666667%;--awb-margin-top-large:-160px;--awb-spacing-right-large:2.88%;--awb-margin-bottom-large:30px;--awb-spacing-left-large:2.88%;--awb-width-medium:66.666666666667%;--awb-order-medium:0;--awb-spacing-right-medium:2.88%;--awb-spacing-left-medium:2.88%;--awb-width-small:100%;--awb-order-small:0;--awb-spacing-right-small:30px;--awb-spacing-left-small:30px;\" data-scroll-devices=\"small-visibility,medium-visibility,large-visibility\"><div class=\"fusion-column-wrapper fusion-column-has-shadow fusion-flex-justify-content-flex-start fusion-content-layout-column\"><nav class=\"fusion-breadcrumbs awb-yoast-breadcrumbs fusion-breadcrumbs-1\" style=\"--awb-breadcrumb-sep:&#039;&#039;;\" aria-label=\"Breadcrumb\"><ol class=\"awb-breadcrumb-list\"><li class=\"fusion-breadcrumb-item awb-breadcrumb-sep awb-home\" ><a href=\"https:\/\/www.remoteengineer.eu\/fr\/\" class=\"fusion-breadcrumb-link\"><span >Accueil<\/span><\/a><\/li><\/ol><\/nav><div class=\"fusion-text fusion-text-1\" style=\"--awb-font-size:48px;--awb-line-height:1;--awb-letter-spacing:var(--awb-typography1-letter-spacing);--awb-text-transform:var(--awb-typography1-text-transform);--awb-text-font-family:&quot;Montserrat&quot;;--awb-text-font-style:normal;--awb-text-font-weight:400;\"><h1>Offres d&#8217;emploi<\/h1>\n<\/div><div class=\"fusion-title title fusion-title-1 fusion-sep-none fusion-title-text fusion-title-size-two\" style=\"--awb-text-color:var(--awb-color1);--awb-margin-top-small:10px;--awb-margin-right-small:0px;--awb-margin-bottom-small:10px;--awb-margin-left-small:0px;--awb-font-size:38px;\"><h2 class=\"fusion-title-heading title-heading-left\" style=\"font-family:&quot;Montserrat&quot;;font-style:normal;font-weight:200;margin:0;text-transform:var(--awb-typography1-text-transform);font-size:1em;line-height:1;\">Votre emploi de r\u00eave se rapproche<\/h2><\/div><\/div><\/div><div class=\"fusion-layout-column fusion_builder_column fusion-builder-column-2 fusion_builder_column_2_3 2_3 fusion-flex-column\" style=\"--awb-padding-top:20px;--awb-padding-right:30px;--awb-padding-left:30px;--awb-bg-size:cover;--awb-width-large:66.666666666667%;--awb-margin-top-large:0px;--awb-spacing-right-large:2.88%;--awb-margin-bottom-large:20px;--awb-spacing-left-large:2.88%;--awb-width-medium:66.666666666667%;--awb-order-medium:0;--awb-spacing-right-medium:2.88%;--awb-spacing-left-medium:2.88%;--awb-width-small:100%;--awb-order-small:0;--awb-spacing-right-small:1.92%;--awb-spacing-left-small:1.92%;\" data-scroll-devices=\"small-visibility,medium-visibility,large-visibility\"><div class=\"fusion-column-wrapper fusion-column-has-shadow fusion-flex-justify-content-flex-start fusion-content-layout-column\"><div class=\"fusion-text fusion-text-2\"><p>Depuis notre cr\u00e9ation, nous avons \u00e9volu\u00e9 pour devenir une entreprise saine et innovante avec des clients actifs dans le monde entier. Nous consid\u00e9rons la croissance en expertise et en services comme aussi importante que la croissance de la taille de l&rsquo;entreprise. C&rsquo;est pourquoi nous recherchons continuellement des personnes qui souhaitent grandir avec nous. Votre candidature spontan\u00e9e est la bienvenue.   <\/p>\n<p>Remote a beaucoup \u00e0 vous offrir. De beaux d\u00e9fis techniques par exemple, ainsi que beaucoup de vari\u00e9t\u00e9 et d&rsquo;opportunit\u00e9s de croissance. N&rsquo;h\u00e9sitez pas \u00e0 venir faire connaissance pour voir et sentir si le courant passe. Remplissez le formulaire de contact pour prendre rendez-vous. Ou mieux encore : appelez-nous imm\u00e9diatement.<\/p>\n<\/div><\/div><\/div><\/div><\/div><div class=\"fusion-fullwidth fullwidth-box fusion-builder-row-3 fusion-flex-container has-pattern-background has-mask-background nonhundred-percent-fullwidth non-hundred-percent-height-scrolling\" style=\"--awb-border-radius-top-left:0px;--awb-border-radius-top-right:0px;--awb-border-radius-bottom-right:0px;--awb-border-radius-bottom-left:0px;--awb-padding-bottom:20px;--awb-background-color:var(--awb-color6);--awb-flex-wrap:wrap;\" ><div class=\"fusion-builder-row fusion-row fusion-flex-align-items-flex-start fusion-flex-content-wrap\" style=\"max-width:1248px;margin-left: calc(-4% \/ 2 );margin-right: calc(-4% \/ 2 );\"><div class=\"fusion-layout-column fusion_builder_column fusion-builder-column-3 fusion_builder_column_1_3 1_3 fusion-flex-column fusion-flex-align-self-center\" style=\"--awb-bg-size:cover;--awb-width-large:33.333333333333%;--awb-margin-top-large:0px;--awb-spacing-right-large:5.76%;--awb-margin-bottom-large:20px;--awb-spacing-left-large:5.76%;--awb-width-medium:33.333333333333%;--awb-order-medium:0;--awb-spacing-right-medium:5.76%;--awb-spacing-left-medium:5.76%;--awb-width-small:100%;--awb-order-small:0;--awb-spacing-right-small:1.92%;--awb-spacing-left-small:1.92%;\" data-scroll-devices=\"small-visibility,medium-visibility,large-visibility\"><div class=\"fusion-column-wrapper fusion-column-has-shadow fusion-flex-justify-content-center fusion-content-layout-column\"><div style=\"text-align:left;\"><a class=\"fusion-button button-flat fusion-button-default-size button-custom fusion-button-default button-1 fusion-button-default-span fusion-button-default-type\" style=\"--button_accent_color:var(--awb-color6);--button_border_color:var(--awb-color6);--button_accent_hover_color:var(--awb-color1);--button_border_hover_color:var(--awb-color1);--button_gradient_top_color:var(--awb-color1);--button_gradient_bottom_color:var(--awb-color1);--button_gradient_top_color_hover:var(--awb-color6);--button_gradient_bottom_color_hover:var(--awb-color6);\" target=\"_self\" href=\"https:\/\/www.remoteengineer.eu\/fr\/contact\/\"><span class=\"fusion-button-text awb-button__text awb-button__text--default\">Contactez-nous<\/span><\/a><\/div><\/div><\/div><\/div><\/div>\n<\/p>\n","protected":false},"excerpt":{"rendered":"","protected":false},"author":1,"featured_media":0,"parent":10165,"menu_order":0,"comment_status":"closed","ping_status":"closed","template":"100-width.php","meta":{"_acf_changed":false,"footnotes":""},"class_list":["post-10351","page","type-page","status-publish","hentry"],"acf":[],"yoast_head":"<!-- This site is optimized with the Yoast SEO plugin v27.4 - https:\/\/yoast.com\/product\/yoast-seo-wordpress\/ -->\n<title>Offres d&#039;emploi - Remote<\/title>\n<meta name=\"robots\" content=\"index, follow, max-snippet:-1, max-image-preview:large, max-video-preview:-1\" \/>\n<link rel=\"canonical\" href=\"https:\/\/www.remoteengineer.eu\/fr\/a-propos-de-remote\/offres-demploi\/\" \/>\n<meta property=\"og:locale\" content=\"fr_FR\" \/>\n<meta property=\"og:type\" content=\"article\" \/>\n<meta property=\"og:title\" content=\"Offres d&#039;emploi - Remote\" \/>\n<meta property=\"og:url\" content=\"https:\/\/www.remoteengineer.eu\/fr\/a-propos-de-remote\/offres-demploi\/\" \/>\n<meta property=\"og:site_name\" content=\"Remote\" \/>\n<meta property=\"article:modified_time\" content=\"2025-10-13T08:40:48+00:00\" \/>\n<meta property=\"og:image\" content=\"https:\/\/www.remoteengineer.eu\/wp-content\/uploads\/2024\/06\/Remote-Engineer.png\" \/>\n\t<meta property=\"og:image:width\" content=\"440\" \/>\n\t<meta property=\"og:image:height\" content=\"93\" \/>\n\t<meta property=\"og:image:type\" content=\"image\/png\" \/>\n<meta name=\"twitter:card\" content=\"summary_large_image\" \/>\n<meta name=\"twitter:label1\" content=\"Dur\u00e9e de lecture estim\u00e9e\" \/>\n\t<meta name=\"twitter:data1\" content=\"36 minutes\" \/>\n<script type=\"application\/ld+json\" class=\"yoast-schema-graph\">{\"@context\":\"https:\\\/\\\/schema.org\",\"@graph\":[{\"@type\":\"WebPage\",\"@id\":\"https:\\\/\\\/www.remoteengineer.eu\\\/fr\\\/a-propos-de-remote\\\/offres-demploi\\\/\",\"url\":\"https:\\\/\\\/www.remoteengineer.eu\\\/fr\\\/a-propos-de-remote\\\/offres-demploi\\\/\",\"name\":\"Offres d'emploi - Remote\",\"isPartOf\":{\"@id\":\"https:\\\/\\\/www.remoteengineer.eu\\\/fr\\\/#website\"},\"datePublished\":\"2024-06-07T14:58:26+00:00\",\"dateModified\":\"2025-10-13T08:40:48+00:00\",\"breadcrumb\":{\"@id\":\"https:\\\/\\\/www.remoteengineer.eu\\\/fr\\\/a-propos-de-remote\\\/offres-demploi\\\/#breadcrumb\"},\"inLanguage\":\"fr-FR\",\"potentialAction\":[{\"@type\":\"ReadAction\",\"target\":[\"https:\\\/\\\/www.remoteengineer.eu\\\/fr\\\/a-propos-de-remote\\\/offres-demploi\\\/\"]}]},{\"@type\":\"BreadcrumbList\",\"@id\":\"https:\\\/\\\/www.remoteengineer.eu\\\/fr\\\/a-propos-de-remote\\\/offres-demploi\\\/#breadcrumb\",\"itemListElement\":[{\"@type\":\"ListItem\",\"position\":1,\"name\":\"\u00c0 propos de Remote\",\"item\":\"https:\\\/\\\/www.remoteengineer.eu\\\/fr\\\/a-propos-de-remote\\\/\"},{\"@type\":\"ListItem\",\"position\":2,\"name\":\"Offres d&#8217;emploi\"}]},{\"@type\":\"WebSite\",\"@id\":\"https:\\\/\\\/www.remoteengineer.eu\\\/fr\\\/#website\",\"url\":\"https:\\\/\\\/www.remoteengineer.eu\\\/fr\\\/\",\"name\":\"Remote Engineer\",\"description\":\"Industri\u00eble oplossingen voor remote access | Remote Engineer\",\"publisher\":{\"@id\":\"https:\\\/\\\/www.remoteengineer.eu\\\/fr\\\/#organization\"},\"alternateName\":\"Remote\",\"potentialAction\":[{\"@type\":\"SearchAction\",\"target\":{\"@type\":\"EntryPoint\",\"urlTemplate\":\"https:\\\/\\\/www.remoteengineer.eu\\\/fr\\\/?s={search_term_string}\"},\"query-input\":{\"@type\":\"PropertyValueSpecification\",\"valueRequired\":true,\"valueName\":\"search_term_string\"}}],\"inLanguage\":\"fr-FR\"},{\"@type\":\"Organization\",\"@id\":\"https:\\\/\\\/www.remoteengineer.eu\\\/fr\\\/#organization\",\"name\":\"Ing\u00e9nieur \u00e0 distance\",\"alternateName\":\"\u00c0 distance\",\"url\":\"https:\\\/\\\/www.remoteengineer.eu\\\/fr\\\/\",\"logo\":{\"@type\":\"ImageObject\",\"inLanguage\":\"fr-FR\",\"@id\":\"https:\\\/\\\/www.remoteengineer.eu\\\/fr\\\/#\\\/schema\\\/logo\\\/image\\\/\",\"url\":\"https:\\\/\\\/www.remoteengineer.eu\\\/wp-content\\\/uploads\\\/2024\\\/05\\\/logo_remote_engineer.png\",\"contentUrl\":\"https:\\\/\\\/www.remoteengineer.eu\\\/wp-content\\\/uploads\\\/2024\\\/05\\\/logo_remote_engineer.png\",\"width\":460,\"height\":200,\"caption\":\"Ing\u00e9nieur \u00e0 distance\"},\"image\":{\"@id\":\"https:\\\/\\\/www.remoteengineer.eu\\\/fr\\\/#\\\/schema\\\/logo\\\/image\\\/\"},\"sameAs\":[\"https:\\\/\\\/nl.linkedin.com\\\/company\\\/remote-engineer\"]}]}<\/script>\n<!-- \/ Yoast SEO plugin. -->","yoast_head_json":{"title":"Offres d'emploi - Remote","robots":{"index":"index","follow":"follow","max-snippet":"max-snippet:-1","max-image-preview":"max-image-preview:large","max-video-preview":"max-video-preview:-1"},"canonical":"https:\/\/www.remoteengineer.eu\/fr\/a-propos-de-remote\/offres-demploi\/","og_locale":"fr_FR","og_type":"article","og_title":"Offres d'emploi - Remote","og_url":"https:\/\/www.remoteengineer.eu\/fr\/a-propos-de-remote\/offres-demploi\/","og_site_name":"Remote","article_modified_time":"2025-10-13T08:40:48+00:00","og_image":[{"width":440,"height":93,"url":"https:\/\/www.remoteengineer.eu\/wp-content\/uploads\/2024\/06\/Remote-Engineer.png","type":"image\/png"}],"twitter_card":"summary_large_image","twitter_misc":{"Dur\u00e9e de lecture estim\u00e9e":"36 minutes"},"schema":{"@context":"https:\/\/schema.org","@graph":[{"@type":"WebPage","@id":"https:\/\/www.remoteengineer.eu\/fr\/a-propos-de-remote\/offres-demploi\/","url":"https:\/\/www.remoteengineer.eu\/fr\/a-propos-de-remote\/offres-demploi\/","name":"Offres d'emploi - Remote","isPartOf":{"@id":"https:\/\/www.remoteengineer.eu\/fr\/#website"},"datePublished":"2024-06-07T14:58:26+00:00","dateModified":"2025-10-13T08:40:48+00:00","breadcrumb":{"@id":"https:\/\/www.remoteengineer.eu\/fr\/a-propos-de-remote\/offres-demploi\/#breadcrumb"},"inLanguage":"fr-FR","potentialAction":[{"@type":"ReadAction","target":["https:\/\/www.remoteengineer.eu\/fr\/a-propos-de-remote\/offres-demploi\/"]}]},{"@type":"BreadcrumbList","@id":"https:\/\/www.remoteengineer.eu\/fr\/a-propos-de-remote\/offres-demploi\/#breadcrumb","itemListElement":[{"@type":"ListItem","position":1,"name":"\u00c0 propos de Remote","item":"https:\/\/www.remoteengineer.eu\/fr\/a-propos-de-remote\/"},{"@type":"ListItem","position":2,"name":"Offres d&#8217;emploi"}]},{"@type":"WebSite","@id":"https:\/\/www.remoteengineer.eu\/fr\/#website","url":"https:\/\/www.remoteengineer.eu\/fr\/","name":"Remote Engineer","description":"Industri\u00eble oplossingen voor remote access | Remote Engineer","publisher":{"@id":"https:\/\/www.remoteengineer.eu\/fr\/#organization"},"alternateName":"Remote","potentialAction":[{"@type":"SearchAction","target":{"@type":"EntryPoint","urlTemplate":"https:\/\/www.remoteengineer.eu\/fr\/?s={search_term_string}"},"query-input":{"@type":"PropertyValueSpecification","valueRequired":true,"valueName":"search_term_string"}}],"inLanguage":"fr-FR"},{"@type":"Organization","@id":"https:\/\/www.remoteengineer.eu\/fr\/#organization","name":"Ing\u00e9nieur \u00e0 distance","alternateName":"\u00c0 distance","url":"https:\/\/www.remoteengineer.eu\/fr\/","logo":{"@type":"ImageObject","inLanguage":"fr-FR","@id":"https:\/\/www.remoteengineer.eu\/fr\/#\/schema\/logo\/image\/","url":"https:\/\/www.remoteengineer.eu\/wp-content\/uploads\/2024\/05\/logo_remote_engineer.png","contentUrl":"https:\/\/www.remoteengineer.eu\/wp-content\/uploads\/2024\/05\/logo_remote_engineer.png","width":460,"height":200,"caption":"Ing\u00e9nieur \u00e0 distance"},"image":{"@id":"https:\/\/www.remoteengineer.eu\/fr\/#\/schema\/logo\/image\/"},"sameAs":["https:\/\/nl.linkedin.com\/company\/remote-engineer"]}]}},"yoast_meta":{"yoast_wpseo_title":"","yoast_wpseo_metadesc":"","yoast_wpseo_canonical":""},"_links":{"self":[{"href":"https:\/\/www.remoteengineer.eu\/fr\/wp-json\/wp\/v2\/pages\/10351","targetHints":{"allow":["GET"]}}],"collection":[{"href":"https:\/\/www.remoteengineer.eu\/fr\/wp-json\/wp\/v2\/pages"}],"about":[{"href":"https:\/\/www.remoteengineer.eu\/fr\/wp-json\/wp\/v2\/types\/page"}],"author":[{"embeddable":true,"href":"https:\/\/www.remoteengineer.eu\/fr\/wp-json\/wp\/v2\/users\/1"}],"replies":[{"embeddable":true,"href":"https:\/\/www.remoteengineer.eu\/fr\/wp-json\/wp\/v2\/comments?post=10351"}],"version-history":[{"count":1,"href":"https:\/\/www.remoteengineer.eu\/fr\/wp-json\/wp\/v2\/pages\/10351\/revisions"}],"predecessor-version":[{"id":10355,"href":"https:\/\/www.remoteengineer.eu\/fr\/wp-json\/wp\/v2\/pages\/10351\/revisions\/10355"}],"up":[{"embeddable":true,"href":"https:\/\/www.remoteengineer.eu\/fr\/wp-json\/wp\/v2\/pages\/10165"}],"wp:attachment":[{"href":"https:\/\/www.remoteengineer.eu\/fr\/wp-json\/wp\/v2\/media?parent=10351"}],"curies":[{"name":"wp","href":"https:\/\/api.w.org\/{rel}","templated":true}]}}